{"id":1050,"date":"2016-05-17T17:44:08","date_gmt":"2016-05-17T15:44:08","guid":{"rendered":"https:\/\/www.gavleskoterklubb.se\/?page_id=1050"},"modified":"2023-12-19T15:27:56","modified_gmt":"2023-12-19T14:27:56","slug":"forsakringar","status":"publish","type":"page","link":"https:\/\/www.gavleskoterklubb.se\/index.php\/klubbinfo\/forsakringar\/","title":{"rendered":"F\u00f6rs\u00e4kringar"},"content":{"rendered":"\t\t<div data-elementor-type=\"wp-page\" data-elementor-id=\"1050\" class=\"elementor elementor-1050\" data-elementor-post-type=\"page\">\n\t\t\t\t<div class=\"elementor-element elementor-element-15bdcef5 e-flex e-con-boxed e-con e-parent\" data-id=\"15bdcef5\" data-element_type=\"container\" data-settings=\"{&quot;background_background&quot;:&quot;classic&quot;}\">\n\t\t\t\t\t<div class=\"e-con-inner\">\n\t\t\t\t<div class=\"elementor-element elementor-element-28aa014b elementor-widget elementor-widget-text-editor\" data-id=\"28aa014b\" data-element_type=\"widget\" data-widget_type=\"text-editor.default\">\n\t\t\t\t<div class=\"elementor-widget-container\">\n\t\t\t\t\t\t\t\t\t<p><\/p><p><strong>F\u00f6rs\u00e4kringar<br \/><\/strong>Samtliga medlemsf\u00f6reningar i Snofed (som G\u00e4vle skoterklubb \u00e4r medlem i) har f\u00e5tt en ut\u00f6kad f\u00f6rs\u00e4kring g\u00e4llande olycksfall fr.o.m. 11 april-16.\u00a0<br \/>F\u00f6rs\u00e4kringen g\u00e4ller vid olycksfall som intr\u00e4ffar n\u00e4r medlem utf\u00f6r ideellt arbete p\u00e5 uppdrag\/anmodan av SNOFED-ansluten sn\u00f6skoterklubbs r\u00e4kning, samt vid f\u00e4rd till och fr\u00e5n s\u00e5dant arbete\/uppdrag.\u00a0<br \/>F\u00f6rs\u00e4kringen g\u00e4ller ej f\u00f6r skador d\u00e4r ers\u00e4ttning kan l\u00e4mnas fr\u00e5n lagstadgad trafikf\u00f6rs\u00e4kring.\u00a0<\/p><p><strong>Dina F\u00f6rs\u00e4kringar<br \/><\/strong>\u00c4r en av v\u00e5ra sponsorer som bidrar med reklamplats och en del av portokostnaderna.<\/p><p><strong>Svedea f\u00f6rs\u00e4kringar<br \/><\/strong>Sedan december 2015 har G\u00e4vle Skoterklubb ett l\u00f6pande samarbetsavtal <a href=\"https:\/\/www.svedea.se\/\" target=\"_blank\" rel=\"noopener noreferrer\">med Svedea<\/a>. Bolaget ger generellt 10% i rabatt till alla som \u00e4r medlemmar i en skoterklubb. Ett smart s\u00e4tt att fr\u00e4mja organisationer d\u00e4r kunskap och s\u00e4kerhet prioriteras.<\/p><p>Om n\u00e5gon fr\u00e5n G\u00e4vle Skoterklubb tecknar f\u00f6rs\u00e4kring hos Svedea f\u00e5r \u00e4ven klubben betalt. Samma rabatt som ges till skoter\u00e4garen (10%) ges till skoterklubben. Varje \u00e5r ger allts\u00e5 Svedea 10% av f\u00f6rs\u00e4kringspremien till klubben. Om en f\u00f6rs\u00e4kring kostar 2000kr f\u00f6r ett \u00e5r betyder det att klubben f\u00e5r 200kr.<\/p><p>Har de den billigaste och b\u00e4sta skoterf\u00f6rs\u00e4kringen? Det lovar vi inte. Men j\u00e4mf\u00f6r den g\u00e4rna och r\u00e4kna d\u00e5 med rabatten.\u00a0<a href=\"https:\/\/www.svedea.se\/snoskoterforsakring\" target=\"_blank\" rel=\"noopener noreferrer\">L\u00e4s mer om Svedeas skoterf\u00f6rs\u00e4kring<\/a>\u00a0och avg\u00f6r sj\u00e4lv. F\u00f6rhoppningsvis ska det ge lite mer i f\u00f6reningens kassa.<\/p><p>F\u00f6r att f\u00e5 rabatten och \u00e4ven ge pengar till klubben \u00e4r det viktigt att man anger klubbtillh\u00f6righet n\u00e4r f\u00f6rs\u00e4kringen tecknas. Det g\u00e5r \u00e4ven att ange i efterhand. Ni som idag har f\u00f6rs\u00e4kring d\u00e4r \u2013 kontakta f\u00f6rs\u00e4kringsbolaget f\u00f6r att d\u00e4rigenom ge klubben lite extra.<\/p><p><\/p><p><\/p><p><\/p><p><\/p>\t\t\t\t\t\t\t\t<\/div>\n\t\t\t\t<\/div>\n\t\t\t\t\t<\/div>\n\t\t\t\t<\/div>\n\t\t\t\t<\/div>\n\t\t","protected":false},"excerpt":{"rendered":"<p>F\u00f6rs\u00e4kringarSamtliga medlemsf\u00f6reningar i Snofed (som G\u00e4vle skoterklubb \u00e4r medlem i) har f\u00e5tt en ut\u00f6kad f\u00f6rs\u00e4kring g\u00e4llande olycksfall fr.o.m. 11 april-16.\u00a0F\u00f6rs\u00e4kringen g\u00e4ller vid olycksfall som intr\u00e4ffar n\u00e4r medlem utf\u00f6r ideellt arbete p\u00e5 uppdrag\/anmodan av SNOFED-ansluten sn\u00f6skoterklubbs r\u00e4kning, samt vid f\u00e4rd till och fr\u00e5n s\u00e5dant arbete\/uppdrag.\u00a0F\u00f6rs\u00e4kringen g\u00e4ller ej f\u00f6r skador d\u00e4r ers\u00e4ttning kan l\u00e4mnas fr\u00e5n lagstadgad trafikf\u00f6rs\u00e4kring.\u00a0 [&hellip;]<\/p>\n","protected":false},"author":2,"featured_media":0,"parent":12,"menu_order":0,"comment_status":"closed","ping_status":"closed","template":"","meta":{"ngg_post_thumbnail":0,"footnotes":""},"class_list":["post-1050","page","type-page","status-publish","hentry"],"_links":{"self":[{"href":"https:\/\/www.gavleskoterklubb.se\/index.php\/wp-json\/wp\/v2\/pages\/1050","targetHints":{"allow":["GET"]}}],"collection":[{"href":"https:\/\/www.gavleskoterklubb.se\/index.php\/wp-json\/wp\/v2\/pages"}],"about":[{"href":"https:\/\/www.gavleskoterklubb.se\/index.php\/wp-json\/wp\/v2\/types\/page"}],"author":[{"embeddable":true,"href":"https:\/\/www.gavleskoterklubb.se\/index.php\/wp-json\/wp\/v2\/users\/2"}],"replies":[{"embeddable":true,"href":"https:\/\/www.gavleskoterklubb.se\/index.php\/wp-json\/wp\/v2\/comments?post=1050"}],"version-history":[{"count":12,"href":"https:\/\/www.gavleskoterklubb.se\/index.php\/wp-json\/wp\/v2\/pages\/1050\/revisions"}],"predecessor-version":[{"id":2077,"href":"https:\/\/www.gavleskoterklubb.se\/index.php\/wp-json\/wp\/v2\/pages\/1050\/revisions\/2077"}],"up":[{"embeddable":true,"href":"https:\/\/www.gavleskoterklubb.se\/index.php\/wp-json\/wp\/v2\/pages\/12"}],"wp:attachment":[{"href":"https:\/\/www.gavleskoterklubb.se\/index.php\/wp-json\/wp\/v2\/media?parent=1050"}],"curies":[{"name":"wp","href":"https:\/\/api.w.org\/{rel}","templated":true}]}}