{"id":1083,"date":"2016-11-14T19:16:51","date_gmt":"2016-11-14T18:16:51","guid":{"rendered":"https:\/\/www.gavleskoterklubb.se\/?page_id=1083"},"modified":"2023-12-19T15:16:36","modified_gmt":"2023-12-19T14:16:36","slug":"avlastningsplats","status":"publish","type":"page","link":"https:\/\/www.gavleskoterklubb.se\/index.php\/skoterleder\/avlastningsplats\/","title":{"rendered":"Avlastningsplats"},"content":{"rendered":"\t\t<div data-elementor-type=\"wp-page\" data-elementor-id=\"1083\" class=\"elementor elementor-1083\" data-elementor-post-type=\"page\">\n\t\t\t\t<div class=\"elementor-element elementor-element-1d421727 e-flex e-con-boxed e-con e-parent\" data-id=\"1d421727\" data-element_type=\"container\" data-settings=\"{&quot;background_background&quot;:&quot;classic&quot;}\">\n\t\t\t\t\t<div class=\"e-con-inner\">\n\t\t\t\t<div class=\"elementor-element elementor-element-18cc2cb3 elementor-widget elementor-widget-text-editor\" data-id=\"18cc2cb3\" data-element_type=\"widget\" data-widget_type=\"text-editor.default\">\n\t\t\t\t<div class=\"elementor-widget-container\">\n\t\t\t\t\t\t\t\t\t<p><\/p><p>F\u00f6r den som beh\u00f6ver ta sig till skoterleden med bil &amp; sl\u00e4p finns en l\u00e4mplig avlastningsplats vid R\u00e5n\u00e4s Bilfj\u00e4drar vid Valbov\u00e4gen 463.<br \/>Parkering f\u00e5r ske vid den r\u00f6da markeringen i bilden.<br \/><br \/>(Bl\u00e5 linje = skoterled)<br \/><br \/><\/p><p><a href=\"https:\/\/www.gavleskoterklubb.se\/wp-content\/uploads\/2016\/11\/avlastning-2.png\"><img fetchpriority=\"high\" decoding=\"async\" class=\"size-medium wp-image-1085 alignleft\" src=\"https:\/\/www.gavleskoterklubb.se\/wp-content\/uploads\/2016\/11\/avlastning-2-300x191.png\" alt=\"\" width=\"300\" height=\"191\" srcset=\"https:\/\/www.gavleskoterklubb.se\/wp-content\/uploads\/2016\/11\/avlastning-2-300x191.png 300w, https:\/\/www.gavleskoterklubb.se\/wp-content\/uploads\/2016\/11\/avlastning-2.png 680w\" sizes=\"(max-width: 300px) 100vw, 300px\" \/><\/a><\/p><p><a href=\"https:\/\/www.gavleskoterklubb.se\/wp-content\/uploads\/2016\/11\/avlastning-1.png\"><img decoding=\"async\" class=\"size-medium wp-image-1084 alignleft\" src=\"https:\/\/www.gavleskoterklubb.se\/wp-content\/uploads\/2016\/11\/avlastning-1-300x195.png\" alt=\"\" width=\"300\" height=\"195\" srcset=\"https:\/\/www.gavleskoterklubb.se\/wp-content\/uploads\/2016\/11\/avlastning-1-300x195.png 300w, https:\/\/www.gavleskoterklubb.se\/wp-content\/uploads\/2016\/11\/avlastning-1.png 819w\" sizes=\"(max-width: 300px) 100vw, 300px\" \/><\/a><\/p><p>\u00a0<br \/><br \/><\/p>\t\t\t\t\t\t\t\t<\/div>\n\t\t\t\t<\/div>\n\t\t\t\t\t<\/div>\n\t\t\t\t<\/div>\n\t\t\t\t<\/div>\n\t\t","protected":false},"excerpt":{"rendered":"<p>F\u00f6r den som beh\u00f6ver ta sig till skoterleden med bil &amp; sl\u00e4p finns en l\u00e4mplig avlastningsplats vid R\u00e5n\u00e4s Bilfj\u00e4drar vid Valbov\u00e4gen 463.Parkering f\u00e5r ske vid den r\u00f6da markeringen i bilden. (Bl\u00e5 linje = skoterled) \u00a0<\/p>\n","protected":false},"author":2,"featured_media":0,"parent":6,"menu_order":0,"comment_status":"closed","ping_status":"closed","template":"","meta":{"ngg_post_thumbnail":0,"footnotes":""},"class_list":["post-1083","page","type-page","status-publish","hentry"],"_links":{"self":[{"href":"https:\/\/www.gavleskoterklubb.se\/index.php\/wp-json\/wp\/v2\/pages\/1083","targetHints":{"allow":["GET"]}}],"collection":[{"href":"https:\/\/www.gavleskoterklubb.se\/index.php\/wp-json\/wp\/v2\/pages"}],"about":[{"href":"https:\/\/www.gavleskoterklubb.se\/index.php\/wp-json\/wp\/v2\/types\/page"}],"author":[{"embeddable":true,"href":"https:\/\/www.gavleskoterklubb.se\/index.php\/wp-json\/wp\/v2\/users\/2"}],"replies":[{"embeddable":true,"href":"https:\/\/www.gavleskoterklubb.se\/index.php\/wp-json\/wp\/v2\/comments?post=1083"}],"version-history":[{"count":32,"href":"https:\/\/www.gavleskoterklubb.se\/index.php\/wp-json\/wp\/v2\/pages\/1083\/revisions"}],"predecessor-version":[{"id":2047,"href":"https:\/\/www.gavleskoterklubb.se\/index.php\/wp-json\/wp\/v2\/pages\/1083\/revisions\/2047"}],"up":[{"embeddable":true,"href":"https:\/\/www.gavleskoterklubb.se\/index.php\/wp-json\/wp\/v2\/pages\/6"}],"wp:attachment":[{"href":"https:\/\/www.gavleskoterklubb.se\/index.php\/wp-json\/wp\/v2\/media?parent=1083"}],"curies":[{"name":"wp","href":"https:\/\/api.w.org\/{rel}","templated":true}]}}