{"id":1125,"date":"2017-02-01T18:05:28","date_gmt":"2017-02-01T17:05:28","guid":{"rendered":"https:\/\/www.gavleskoterklubb.se\/?page_id=1125"},"modified":"2024-11-13T20:57:47","modified_gmt":"2024-11-13T19:57:47","slug":"arsmote","status":"publish","type":"page","link":"https:\/\/www.gavleskoterklubb.se\/index.php\/klubbinfo\/arsmote\/","title":{"rendered":"\u00c5rsm\u00f6te 2024"},"content":{"rendered":"<p>Styrelsen kallar till \u00e5rsm\u00f6te:<\/p>\n<p>Tid: Onsdag, 27 november kl 18.00<br \/>\nPlats: S\u00f6ren Thyr Industrigatan 12<\/p>\n<p>GSK bjuder p\u00e5 sm\u00f6rg\u00e5st\u00e5rta<\/p>\n<p>Om du \u00f6nskar ta del av f\u00f6rvaltningsber\u00e4ttelsen eller annan dokumentation innan \u00e5rsm\u00f6tet kontakta kass\u00f6ren p\u00e5 mail info@gavleskoterklubb.se<\/p>\n<p>&nbsp;<\/p>\n<p><strong>Verksamhetsber\u00e4ttelse G\u00e4vle skoterklubb vid \u00e5rsm\u00f6te den 27 november 2024<\/strong><\/p>\n<p>Ber\u00e4ttelsen omfattar verksamhets\u00e5ret 1 juli 2023 till 30 juni 2024.<\/p>\n<p>&nbsp;<\/p>\n<p>Styrelsen har under \u00e5ret sammantr\u00e4tt 5 g\u00e5nger samt haft ett konstituerande m\u00f6te som genomf\u00f6rdes i samband med \u00e5rsm\u00f6tet.<\/p>\n<p>\u00c5rsm\u00f6tet och medlemsm\u00f6tet slogs ihop och h\u00f6lls den 30 november 2023 i lokal hos S\u00f6ren Thyr AB.<\/p>\n<p>S\u00e4songsavslutningen med ledansvariga blev inst\u00e4lld.<\/p>\n<p>&nbsp;<\/p>\n<p>Styrelsen har under \u00e5ret haft f\u00f6ljande sammans\u00e4ttning<\/p>\n<p>Andreas Eriksson, ordf\u00f6rande<\/p>\n<p>Carola Hellstr\u00f6m, kass\u00f6r<\/p>\n<p>Jesper Jansson, sekreterare<br \/>\nFredrik Eriksson<\/p>\n<p>Stefan Olsson<\/p>\n<p>H\u00e5kan Dahl<\/p>\n<p>Tommy Moberg<\/p>\n<p>&nbsp;<\/p>\n<p><strong>Aktiviteter<\/strong><\/p>\n<p>Under s\u00e4songen var vi representerade p\u00e5 Sn\u00f6skoterns dag vid Biketown och vi anordnade ocks\u00e5 grillkv\u00e4ll i Bomhus med 4 glada deltagare.<\/p>\n<p>&nbsp;<\/p>\n<p><strong>F\u00f6rarbevisutbildningar<\/strong><\/p>\n<p>F\u00f6rarbevisutbildningarna g\u00e5r mycket bra och genererar en hel del int\u00e4kter till klubben.<\/p>\n<p><strong>&nbsp;<\/strong><\/p>\n<p>&nbsp;<\/p>\n<p>&nbsp;<\/p>\n<p>&nbsp;<\/p>\n<p>Styrelsen tackar medlemmar, ledansvariga och andra medarbetare f\u00f6r ett v\u00e4l genomf\u00f6rt arbets\u00e5r.<\/p>\n<p>&nbsp;<\/p>\n<p>G\u00e4vle 2024-11-27<\/p>\n<p>Styrelsen<\/p>\n<p>&nbsp;<\/p>\n<p>&nbsp;<\/p>\n<p>&nbsp;<\/p>\n<p>&nbsp;<\/p>\n","protected":false},"excerpt":{"rendered":"<p>Styrelsen kallar till \u00e5rsm\u00f6te: Tid: Onsdag, 27 november kl 18.00 Plats: S\u00f6ren Thyr Industrigatan 12 GSK bjuder p\u00e5 sm\u00f6rg\u00e5st\u00e5rta Om du \u00f6nskar ta del av f\u00f6rvaltningsber\u00e4ttelsen eller annan dokumentation innan \u00e5rsm\u00f6tet kontakta kass\u00f6ren p\u00e5 mail info@gavleskoterklubb.se &nbsp; Verksamhetsber\u00e4ttelse G\u00e4vle skoterklubb vid \u00e5rsm\u00f6te den 27 november 2024 Ber\u00e4ttelsen omfattar verksamhets\u00e5ret 1 juli 2023 till 30 juni [&hellip;]<\/p>\n","protected":false},"author":2,"featured_media":0,"parent":12,"menu_order":0,"comment_status":"closed","ping_status":"closed","template":"","meta":{"ngg_post_thumbnail":0,"footnotes":""},"class_list":["post-1125","page","type-page","status-publish","hentry"],"_links":{"self":[{"href":"https:\/\/www.gavleskoterklubb.se\/index.php\/wp-json\/wp\/v2\/pages\/1125","targetHints":{"allow":["GET"]}}],"collection":[{"href":"https:\/\/www.gavleskoterklubb.se\/index.php\/wp-json\/wp\/v2\/pages"}],"about":[{"href":"https:\/\/www.gavleskoterklubb.se\/index.php\/wp-json\/wp\/v2\/types\/page"}],"author":[{"embeddable":true,"href":"https:\/\/www.gavleskoterklubb.se\/index.php\/wp-json\/wp\/v2\/users\/2"}],"replies":[{"embeddable":true,"href":"https:\/\/www.gavleskoterklubb.se\/index.php\/wp-json\/wp\/v2\/comments?post=1125"}],"version-history":[{"count":21,"href":"https:\/\/www.gavleskoterklubb.se\/index.php\/wp-json\/wp\/v2\/pages\/1125\/revisions"}],"predecessor-version":[{"id":2219,"href":"https:\/\/www.gavleskoterklubb.se\/index.php\/wp-json\/wp\/v2\/pages\/1125\/revisions\/2219"}],"up":[{"embeddable":true,"href":"https:\/\/www.gavleskoterklubb.se\/index.php\/wp-json\/wp\/v2\/pages\/12"}],"wp:attachment":[{"href":"https:\/\/www.gavleskoterklubb.se\/index.php\/wp-json\/wp\/v2\/media?parent=1125"}],"curies":[{"name":"wp","href":"https:\/\/api.w.org\/{rel}","templated":true}]}}