{"id":1160,"date":"2017-11-05T18:42:45","date_gmt":"2017-11-05T17:42:45","guid":{"rendered":"https:\/\/www.gavleskoterklubb.se\/?page_id=1160"},"modified":"2023-12-19T15:43:57","modified_gmt":"2023-12-19T14:43:57","slug":"dagordning","status":"publish","type":"page","link":"https:\/\/www.gavleskoterklubb.se\/index.php\/klubbinfo\/arsmote\/dagordning\/","title":{"rendered":"Dagordning\/F\u00f6redragningslista"},"content":{"rendered":"\t\t<div data-elementor-type=\"wp-page\" data-elementor-id=\"1160\" class=\"elementor elementor-1160\" data-elementor-post-type=\"page\">\n\t\t\t\t<div class=\"elementor-element elementor-element-1fe4bde4 e-flex e-con-boxed e-con e-parent\" data-id=\"1fe4bde4\" data-element_type=\"container\" data-settings=\"{&quot;background_background&quot;:&quot;classic&quot;}\">\n\t\t\t\t\t<div class=\"e-con-inner\">\n\t\t\t\t<div class=\"elementor-element elementor-element-1caebae1 elementor-widget elementor-widget-text-editor\" data-id=\"1caebae1\" data-element_type=\"widget\" data-widget_type=\"text-editor.default\">\n\t\t\t\t<div class=\"elementor-widget-container\">\n\t\t\t\t\t\t\t\t\t<p><\/p><p><b>Dagordning f\u00f6r \u00e5rsm\u00f6te\u00a0\u00a0<\/b><\/p><ul><li><span style=\"font-weight: 400;\">1<\/span> <span style=\"font-weight: 400;\">Fastst\u00e4llande av r\u00f6stl\u00e4ngd f\u00f6r m\u00f6tet<\/span><\/li><li><span style=\"font-weight: 400;\">2<\/span> <span style=\"font-weight: 400;\">Fr\u00e5ga om \u00e5rsm\u00f6tet har utlysts p\u00e5 r\u00e4tt s\u00e4tt<\/span><\/li><li><span style=\"font-weight: 400;\">3<\/span> <span style=\"font-weight: 400;\">Fastst\u00e4llande av dagordning<\/span><\/li><li><span style=\"font-weight: 400;\">4<\/span> <span style=\"font-weight: 400;\">Val av ordf\u00f6rande f\u00f6r m\u00f6tet<\/span><\/li><li><span style=\"font-weight: 400;\">5<\/span> <span style=\"font-weight: 400;\">Val av sekreterare f\u00f6r m\u00f6tet<\/span><\/li><li><span style=\"font-weight: 400;\">6<\/span> <span style=\"font-weight: 400;\">Val av protokolljusterare och r\u00f6str\u00e4knare f\u00f6r m\u00f6tet (2st)<\/span><\/li><li><span style=\"font-weight: 400;\">7<\/span> <br \/><span style=\"font-weight: 400;\">(a) Styrelsens verksamhetsber\u00e4ttelse f\u00f6r det senaste verksamhets\u00e5ret <br \/><\/span><span style=\"font-weight: 400;\">(b) Styrelsens f\u00f6rvaltningsber\u00e4ttelse (balans och resultatr\u00e4kning) f\u00f6r det senaste <\/span>r\u00e4kenskaps\u00e5ret<\/li><li><span style=\"font-weight: 400;\">8<\/span> <span style=\"font-weight: 400;\">Revisorernas ber\u00e4ttelse \u00f6ver styrelsens f\u00f6rvaltning under det senaste <\/span> <span style=\"font-weight: 400;\">verksamhets-\/r\u00e4kenskaps\u00e5ret<\/span><\/li><li><span style=\"font-weight: 400;\">9<\/span> <span style=\"font-weight: 400;\">Fr\u00e5gan om ansvarsfrihet f\u00f6r styrelsen f\u00f6r den tid revisionen avser<\/span><\/li><li><span style=\"font-weight: 400;\">10<\/span> <span style=\"font-weight: 400;\">Fastst\u00e4llande av medlemsavgifter f\u00f6r n\u00e4sta verksamhets\u00e5r<\/span><\/li><li><span style=\"font-weight: 400;\">11<\/span> <span style=\"font-weight: 400;\">Fastst\u00e4llande av verksamhetsplan samt behandling av budget f\u00f6r det kommande <\/span> <span style=\"font-weight: 400;\">verksamhets-\/r\u00e4kenskaps\u00e5ret<\/span><\/li><li><span style=\"font-weight: 400;\">12<\/span> <br \/>(a) <span style=\"font-weight: 400;\">Val av medlemmar till styrelsen<br \/><\/span><span style=\"font-weight: 400;\">(b)<\/span>\u00a0Val av r<span style=\"font-weight: 400;\">evisor j\u00e4mte suppleant f\u00f6r en tid p\u00e5 1 \u00e5r<br \/><\/span><span style=\"font-weight: 400;\">(c) Val av l<\/span><span style=\"font-weight: 400;\">edam\u00f6ter i valberedningen f\u00f6r en tid av ett \u00e5r, av vilka en ska utses till <\/span> <span style=\"font-weight: 400;\">ordf\u00f6rande<\/span><\/li><li><span style=\"font-weight: 400;\">13<\/span> <span style=\"font-weight: 400;\">Behandling av styrelsens f\u00f6rslag och i r\u00e4tt tid inkomna motioner<\/span><\/li><li><span style=\"font-weight: 400;\">14<\/span> <span style=\"font-weight: 400;\">\u00d6vriga fr\u00e5gor<\/span><span style=\"font-weight: 400;\"><br \/><\/span> <span style=\"font-weight: 400;\">Beslut i fr\u00e5ga av st\u00f6rre ekonomisk betydelse f\u00f6r f\u00f6reningen eller medlemmarna f\u00e5r <\/span> <span style=\"font-weight: 400;\">inte fattas om den inte finns med i kallelsen till m\u00f6tet<\/span><\/li><li><span style=\"font-weight: 400;\">15<\/span> <span style=\"font-weight: 400;\">M\u00f6tet avslutas<\/span><\/li><\/ul><p><\/p><p><\/p><p><\/p><p><\/p>\t\t\t\t\t\t\t\t<\/div>\n\t\t\t\t<\/div>\n\t\t\t\t\t<\/div>\n\t\t\t\t<\/div>\n\t\t\t\t<\/div>\n\t\t","protected":false},"excerpt":{"rendered":"<p>Dagordning f\u00f6r \u00e5rsm\u00f6te\u00a0\u00a0 1 Fastst\u00e4llande av r\u00f6stl\u00e4ngd f\u00f6r m\u00f6tet 2 Fr\u00e5ga om \u00e5rsm\u00f6tet har utlysts p\u00e5 r\u00e4tt s\u00e4tt 3 Fastst\u00e4llande av dagordning 4 Val av ordf\u00f6rande f\u00f6r m\u00f6tet 5 Val av sekreterare f\u00f6r m\u00f6tet 6 Val av protokolljusterare och r\u00f6str\u00e4knare f\u00f6r m\u00f6tet (2st) 7 (a) Styrelsens verksamhetsber\u00e4ttelse f\u00f6r det senaste verksamhets\u00e5ret (b) Styrelsens f\u00f6rvaltningsber\u00e4ttelse (balans [&hellip;]<\/p>\n","protected":false},"author":2,"featured_media":0,"parent":1125,"menu_order":0,"comment_status":"closed","ping_status":"closed","template":"","meta":{"ngg_post_thumbnail":0,"footnotes":""},"class_list":["post-1160","page","type-page","status-publish","hentry"],"_links":{"self":[{"href":"https:\/\/www.gavleskoterklubb.se\/index.php\/wp-json\/wp\/v2\/pages\/1160","targetHints":{"allow":["GET"]}}],"collection":[{"href":"https:\/\/www.gavleskoterklubb.se\/index.php\/wp-json\/wp\/v2\/pages"}],"about":[{"href":"https:\/\/www.gavleskoterklubb.se\/index.php\/wp-json\/wp\/v2\/types\/page"}],"author":[{"embeddable":true,"href":"https:\/\/www.gavleskoterklubb.se\/index.php\/wp-json\/wp\/v2\/users\/2"}],"replies":[{"embeddable":true,"href":"https:\/\/www.gavleskoterklubb.se\/index.php\/wp-json\/wp\/v2\/comments?post=1160"}],"version-history":[{"count":11,"href":"https:\/\/www.gavleskoterklubb.se\/index.php\/wp-json\/wp\/v2\/pages\/1160\/revisions"}],"predecessor-version":[{"id":2115,"href":"https:\/\/www.gavleskoterklubb.se\/index.php\/wp-json\/wp\/v2\/pages\/1160\/revisions\/2115"}],"up":[{"embeddable":true,"href":"https:\/\/www.gavleskoterklubb.se\/index.php\/wp-json\/wp\/v2\/pages\/1125"}],"wp:attachment":[{"href":"https:\/\/www.gavleskoterklubb.se\/index.php\/wp-json\/wp\/v2\/media?parent=1160"}],"curies":[{"name":"wp","href":"https:\/\/api.w.org\/{rel}","templated":true}]}}