{"id":1209,"date":"2018-10-11T17:54:16","date_gmt":"2018-10-11T15:54:16","guid":{"rendered":"https:\/\/www.gavleskoterklubb.se\/?page_id=1209"},"modified":"2023-12-19T15:31:48","modified_gmt":"2023-12-19T14:31:48","slug":"rabatter","status":"publish","type":"page","link":"https:\/\/www.gavleskoterklubb.se\/index.php\/klubbinfo\/rabatter\/","title":{"rendered":"Rabatter"},"content":{"rendered":"\t\t<div data-elementor-type=\"wp-page\" data-elementor-id=\"1209\" class=\"elementor elementor-1209\" data-elementor-post-type=\"page\">\n\t\t\t\t<div class=\"elementor-element elementor-element-439c0b97 e-flex e-con-boxed e-con e-parent\" data-id=\"439c0b97\" data-element_type=\"container\" data-settings=\"{&quot;background_background&quot;:&quot;classic&quot;}\">\n\t\t\t\t\t<div class=\"e-con-inner\">\n\t\t\t\t<div class=\"elementor-element elementor-element-14b014d1 elementor-widget elementor-widget-text-editor\" data-id=\"14b014d1\" data-element_type=\"widget\" data-widget_type=\"text-editor.default\">\n\t\t\t\t<div class=\"elementor-widget-container\">\n\t\t\t\t\t\t\t\t\t<p><\/p>\n<div><strong>Skoterf\u00f6rs\u00e4kring Svedea<br><\/strong>Som medlem i klubben f\u00e5r du rabatt p\u00e5 f\u00f6rs\u00e4kringen samtidigt som klubben f\u00e5r en del i provision<\/div>\n<div><a href=\"https:\/\/www.svedea.se\/snoskoterforsakring\">Till Svedea skoterf\u00f6rs\u00e4kring<\/a>&nbsp;<\/div>\n<div style=\"text-align: right;\">&nbsp;<\/div>\n<div><span style=\"font-family: 'Times New Roman',serif;\"><span style=\"font-family: Arial,sans-serif;\"><strong>Mot uppvisande av medlemsbevis erh\u00e5lls rabatter hos:<\/strong><br>Bohlins, 10% (g\u00e4ller ej maskiner)<\/span><\/span><\/div>\n<div><span style=\"font-family: 'Times New Roman',serif;\"><span style=\"font-family: Arial,sans-serif;\">Batterilagret, 12%<br><\/span><\/span><span style=\"font-family: 'Times New Roman',serif;\"><span style=\"font-family: Arial,sans-serif;\">Yamaha Bike Town, 10% (5% p\u00e5 maskiner)<br><\/span><\/span>Swea energi, 10%<br>Kastet Pizzeria, 10% p\u00e5 en matr\u00e4tt<\/div>\n<p><\/p>\n<p><\/p>\n<p><\/p>\n<p><\/p>\t\t\t\t\t\t\t\t<\/div>\n\t\t\t\t<\/div>\n\t\t\t\t\t<\/div>\n\t\t\t\t<\/div>\n\t\t\t\t<\/div>\n\t\t","protected":false},"excerpt":{"rendered":"<p>Skoterf\u00f6rs\u00e4kring SvedeaSom medlem i klubben f\u00e5r du rabatt p\u00e5 f\u00f6rs\u00e4kringen samtidigt som klubben f\u00e5r en del i provision Till Svedea skoterf\u00f6rs\u00e4kring&nbsp; &nbsp; Mot uppvisande av medlemsbevis erh\u00e5lls rabatter hos:Bohlins, 10% (g\u00e4ller ej maskiner) Batterilagret, 12%Yamaha Bike Town, 10% (5% p\u00e5 maskiner)Swea energi, 10%Kastet Pizzeria, 10% p\u00e5 en matr\u00e4tt<\/p>\n","protected":false},"author":2,"featured_media":0,"parent":12,"menu_order":0,"comment_status":"closed","ping_status":"closed","template":"","meta":{"ngg_post_thumbnail":0,"footnotes":""},"class_list":["post-1209","page","type-page","status-publish","hentry"],"_links":{"self":[{"href":"https:\/\/www.gavleskoterklubb.se\/index.php\/wp-json\/wp\/v2\/pages\/1209","targetHints":{"allow":["GET"]}}],"collection":[{"href":"https:\/\/www.gavleskoterklubb.se\/index.php\/wp-json\/wp\/v2\/pages"}],"about":[{"href":"https:\/\/www.gavleskoterklubb.se\/index.php\/wp-json\/wp\/v2\/types\/page"}],"author":[{"embeddable":true,"href":"https:\/\/www.gavleskoterklubb.se\/index.php\/wp-json\/wp\/v2\/users\/2"}],"replies":[{"embeddable":true,"href":"https:\/\/www.gavleskoterklubb.se\/index.php\/wp-json\/wp\/v2\/comments?post=1209"}],"version-history":[{"count":23,"href":"https:\/\/www.gavleskoterklubb.se\/index.php\/wp-json\/wp\/v2\/pages\/1209\/revisions"}],"predecessor-version":[{"id":2090,"href":"https:\/\/www.gavleskoterklubb.se\/index.php\/wp-json\/wp\/v2\/pages\/1209\/revisions\/2090"}],"up":[{"embeddable":true,"href":"https:\/\/www.gavleskoterklubb.se\/index.php\/wp-json\/wp\/v2\/pages\/12"}],"wp:attachment":[{"href":"https:\/\/www.gavleskoterklubb.se\/index.php\/wp-json\/wp\/v2\/media?parent=1209"}],"curies":[{"name":"wp","href":"https:\/\/api.w.org\/{rel}","templated":true}]}}