{"id":21,"date":"2011-11-11T14:19:05","date_gmt":"2011-11-11T13:19:05","guid":{"rendered":"https:\/\/www.gavleskoterklubb.se\/?page_id=21"},"modified":"2024-10-22T19:34:00","modified_gmt":"2024-10-22T17:34:00","slug":"ledansvarig","status":"publish","type":"page","link":"https:\/\/www.gavleskoterklubb.se\/index.php\/skoterleder\/ledansvarig\/","title":{"rendered":"Ledansvarig"},"content":{"rendered":"\t\t<div data-elementor-type=\"wp-page\" data-elementor-id=\"21\" class=\"elementor elementor-21\" data-elementor-post-type=\"page\">\n\t\t\t\t<div class=\"elementor-element elementor-element-1cedbd07 e-flex e-con-boxed e-con e-parent\" data-id=\"1cedbd07\" data-element_type=\"container\" data-settings=\"{&quot;background_background&quot;:&quot;classic&quot;}\">\n\t\t\t\t\t<div class=\"e-con-inner\">\n\t\t\t\t<div class=\"elementor-element elementor-element-7eb04e72 elementor-widget elementor-widget-text-editor\" data-id=\"7eb04e72\" data-element_type=\"widget\" data-widget_type=\"text-editor.default\">\n\t\t\t\t<div class=\"elementor-widget-container\">\n\t\t\t\t\t\t\t\t\t<p><\/p>\n<div style=\"position: absolute; overflow: hidden; width: 2px; height: 1px; left: -288; top: -277; z-index: 177;\"><a href=\"http:\/\/physicaltherapychicago.commonanddance.net\">physical therapy in chicago<\/a><\/div>\n<div style=\"position: absolute; overflow: hidden; width: 2px; height: 1px; left: -288; top: -277; z-index: 177;\"><a href=\"http:\/\/newyorkcitydentist.worldmusicharts.com\">dentist in new york<\/a><\/div>\n<div style=\"position: absolute; overflow: hidden; width: 2px; height: 1px; left: -288; top: -277; z-index: 177;\"><a href=\"http:\/\/divorcelawyerla.globalweet.com\">best divorce lawyers in los angeles<\/a><\/div>\n<div style=\"position: absolute; overflow: hidden; width: 2px; height: 1px; left: -288; top: -277; z-index: 177;\"><a href=\"http:\/\/greencoffeepremium.dentistslook.com\">best green coffee dosage for effective weight loss<\/a><\/div>\n<div style=\"position: absolute; overflow: hidden; width: 2px; height: 1px; left: -288; top: -277; z-index: 177;\"><a href=\"http:\/\/pure-greencoffee-beanextract.fashionames.com\">pure green coffee bean extract<\/a><\/div>\n<div style=\"position: absolute; overflow: hidden; width: 2px; height: 1px; left: -288; top: -277; z-index: 177;\"><a href=\"http:\/\/acai-berry-diet.allsportnews.net\">acai berry living-xs diet capsules<\/a><\/div>\n<p><\/p>\n<p><strong>H\u00e4r hittar du v\u00e5ra ledansvariga <\/strong><\/p>\n<p><\/p>\n<table class=\"wp-block-table\">\n<tbody>\n<tr>\n<td><strong>Omr\u00e5de<\/strong><\/td>\n<td><strong>Namn<\/strong><\/td>\n<td><strong>Telefon<\/strong><\/td>\n<\/tr>\n<tr>\n<td>Bergby<\/td>\n<td>Mats Svedlund<\/td>\n<td>070-6118199<\/td>\n<\/tr>\n<tr>\n<td>Bj\u00f6rke<\/td>\n<td>William Hellgren<\/td>\n<td>076-8455726<\/td>\n<\/tr>\n<tr>\n<td>Bomhus<\/td>\n<td>\u00c5ke Hansson<\/td>\n<td>070-3185250<\/td>\n<\/tr>\n<tr>\n<td>B\u00f6nan<\/td>\n<td>Daniel Sandstr\u00f6m<\/td>\n<td>070-3844880<\/td>\n<\/tr>\n<tr>\n<td>Forsbacka<\/td>\n<td>Tommi Sorvari<\/td>\n<td>073-6555584<\/td>\n<\/tr>\n<tr>\n<td>Fr\u00e4mlingshem<\/td>\n<td>Johan Berntsson<\/td>\n<td>070-3743700<\/td>\n<\/tr>\n<tr>\n<td>Hagastr\u00f6m<\/td>\n<td>Vakant<\/td>\n<td>\u00a0<\/td>\n<\/tr>\n<tr>\n<td>Harksk\u00e4r<\/td>\n<td>Mats Edstr\u00f6m<\/td>\n<td>070-8608408<\/td>\n<\/tr>\n<tr>\n<td>Hedesunda<\/td>\n<td>Robert Wallner<\/td>\n<td>070-3114939<\/td>\n<\/tr>\n<tr>\n<td>Hille<\/td>\n<td>Thomas Hansson<\/td>\n<td>070-3261815<\/td>\n<\/tr>\n<tr>\n<td>H\u00e5de<\/td>\n<td>Marcus Sj\u00f6sten<\/td>\n<td>072-2529936<\/td>\n<\/tr>\n<tr>\n<td>H\u00e4stbo<\/td>\n<td>Johan Berntsson<\/td>\n<td>070-3743700<\/td>\n<\/tr>\n<tr>\n<td>Lund<\/td>\n<td>Vakant<\/td>\n<td>\u00a0<\/td>\n<\/tr>\n<tr>\n<td>Mackmyra<\/td>\n<td>Johan Berntsson<\/td>\n<td>070-3743700<\/td>\n<\/tr>\n<tr>\n<td>M\u00e5rd\u00e4ng<\/td>\n<td>Magnus Lundin<br \/>Johan Lundin<\/td>\n<td>070-5487109<br \/>076-8185551<\/td>\n<\/tr>\n<tr>\n<td>M\u00e5rtsbo<\/td>\n<td>H\u00e5kan Dahl<\/td>\n<td>070-6678180<\/td>\n<\/tr>\n<tr>\n<td>Norra \u00c5byggeby<\/td>\n<td>Lars-Erik F\u00e4rdigh<\/td>\n<td>070-2923591<\/td>\n<\/tr>\n<tr>\n<td>Norra \u00c5byggeby<\/td>\n<td>Tomas Haag<\/td>\n<td>073-3371841<\/td>\n<\/tr>\n<tr>\n<td>Oppala<\/td>\n<td>Fredrik Bouvin<\/td>\n<td>070-6813852<\/td>\n<\/tr>\n<tr>\n<td>Osl\u00e4ttfors<\/td>\n<td>Tommy Moberg<\/td>\n<td>070-5833417<\/td>\n<\/tr>\n<tr>\n<td>Trollrike<\/td>\n<td>Marcus Sj\u00f6sten<\/td>\n<td>072-2529936<\/td>\n<\/tr>\n<tr>\n<td>\u00c5rsunda<\/td>\n<td>Johan Berntsson<\/td>\n<td>070-3743700<\/td>\n<\/tr>\n<tr>\n<td>\u00d6verh\u00e4rde\/R\u00f6rberg<\/td>\n<td>Johan Berntsson<\/td>\n<td>070-3743700<\/td>\n<\/tr>\n<tr>\n<td><strong>Skyltar och Virke<\/strong><\/td>\n<td>Andreas Eriksson<\/td>\n<td>070-6688803<\/td>\n<\/tr>\n<\/tbody>\n<\/table>\n<p><\/p>\n<p><\/p>\t\t\t\t\t\t\t\t<\/div>\n\t\t\t\t<\/div>\n\t\t\t\t\t<\/div>\n\t\t\t\t<\/div>\n\t\t\t\t<\/div>\n\t\t","protected":false},"excerpt":{"rendered":"<p>physical therapy in chicago dentist in new york best divorce lawyers in los angeles best green coffee dosage for effective weight loss pure green coffee bean extract acai berry living-xs diet capsules H\u00e4r hittar du v\u00e5ra ledansvariga Omr\u00e5de Namn Telefon Bergby Mats Svedlund 070-6118199 Bj\u00f6rke William Hellgren 076-8455726 Bomhus \u00c5ke Hansson 070-3185250 B\u00f6nan Daniel Sandstr\u00f6m [&hellip;]<\/p>\n","protected":false},"author":2,"featured_media":0,"parent":6,"menu_order":0,"comment_status":"closed","ping_status":"closed","template":"","meta":{"ngg_post_thumbnail":0,"footnotes":""},"class_list":["post-21","page","type-page","status-publish","hentry"],"_links":{"self":[{"href":"https:\/\/www.gavleskoterklubb.se\/index.php\/wp-json\/wp\/v2\/pages\/21","targetHints":{"allow":["GET"]}}],"collection":[{"href":"https:\/\/www.gavleskoterklubb.se\/index.php\/wp-json\/wp\/v2\/pages"}],"about":[{"href":"https:\/\/www.gavleskoterklubb.se\/index.php\/wp-json\/wp\/v2\/types\/page"}],"author":[{"embeddable":true,"href":"https:\/\/www.gavleskoterklubb.se\/index.php\/wp-json\/wp\/v2\/users\/2"}],"replies":[{"embeddable":true,"href":"https:\/\/www.gavleskoterklubb.se\/index.php\/wp-json\/wp\/v2\/comments?post=21"}],"version-history":[{"count":50,"href":"https:\/\/www.gavleskoterklubb.se\/index.php\/wp-json\/wp\/v2\/pages\/21\/revisions"}],"predecessor-version":[{"id":2206,"href":"https:\/\/www.gavleskoterklubb.se\/index.php\/wp-json\/wp\/v2\/pages\/21\/revisions\/2206"}],"up":[{"embeddable":true,"href":"https:\/\/www.gavleskoterklubb.se\/index.php\/wp-json\/wp\/v2\/pages\/6"}],"wp:attachment":[{"href":"https:\/\/www.gavleskoterklubb.se\/index.php\/wp-json\/wp\/v2\/media?parent=21"}],"curies":[{"name":"wp","href":"https:\/\/api.w.org\/{rel}","templated":true}]}}