{"id":2116,"date":"2023-12-19T15:48:20","date_gmt":"2023-12-19T14:48:20","guid":{"rendered":"https:\/\/www.gavleskoterklubb.se\/?page_id=2116"},"modified":"2024-01-15T12:38:40","modified_gmt":"2024-01-15T11:38:40","slug":"news","status":"publish","type":"page","link":"https:\/\/www.gavleskoterklubb.se\/index.php\/news\/","title":{"rendered":"Nyheter"},"content":{"rendered":"\t\t<div data-elementor-type=\"wp-page\" data-elementor-id=\"2116\" class=\"elementor elementor-2116\" data-elementor-post-type=\"page\">\n\t\t\t\t<div class=\"elementor-element elementor-element-5de50144 e-flex e-con-boxed e-con e-parent\" data-id=\"5de50144\" data-element_type=\"container\" data-settings=\"{&quot;background_background&quot;:&quot;classic&quot;}\">\n\t\t\t\t\t<div class=\"e-con-inner\">\n\t\t\t\t<div class=\"elementor-element elementor-element-d622185 elementor-grid-2 elementor-posts--thumbnail-none elementor-grid-tablet-2 elementor-grid-mobile-1 elementor-widget elementor-widget-posts\" data-id=\"d622185\" data-element_type=\"widget\" data-settings=\"{&quot;classic_columns&quot;:&quot;2&quot;,&quot;classic_row_gap&quot;:{&quot;unit&quot;:&quot;px&quot;,&quot;size&quot;:25,&quot;sizes&quot;:[]},&quot;pagination_type&quot;:&quot;numbers&quot;,&quot;classic_columns_tablet&quot;:&quot;2&quot;,&quot;classic_columns_mobile&quot;:&quot;1&quot;,&quot;classic_row_gap_tablet&quot;:{&quot;unit&quot;:&quot;px&quot;,&quot;size&quot;:&quot;&quot;,&quot;sizes&quot;:[]},&quot;classic_row_gap_mobile&quot;:{&quot;unit&quot;:&quot;px&quot;,&quot;size&quot;:&quot;&quot;,&quot;sizes&quot;:[]}}\" data-widget_type=\"posts.classic\">\n\t\t\t\t<div class=\"elementor-widget-container\">\n\t\t\t\t\t\t\t<div class=\"elementor-posts-container elementor-posts elementor-posts--skin-classic elementor-grid\" role=\"list\">\n\t\t\t\t<article class=\"elementor-post elementor-grid-item post-2192 post type-post status-publish format-standard hentry category-nyhet\" role=\"listitem\">\n\t\t\t\t<div class=\"elementor-post__text\">\n\t\t\t\t<h3 class=\"elementor-post__title\">\n\t\t\t<a href=\"https:\/\/www.gavleskoterklubb.se\/index.php\/2024\/01\/resa-till-kungsberget\/\" >\n\t\t\t\tResa till Kungsberget\t\t\t<\/a>\n\t\t<\/h3>\n\t\t\t\t<div class=\"elementor-post__meta-data\">\n\t\t\t\t\t<span class=\"elementor-post-date\">\n\t\t\t29 januari, 2024\t\t<\/span>\n\t\t\t\t<\/div>\n\t\t\t\t<div class=\"elementor-post__excerpt\">\n\t\t\t<p>Den 9:e mars t\u00e4nkte vi \u00e5ka till Kungsberget. Alla som vill \u00e5ka med tr\u00e4ffas i Osl\u00e4ttfors kl.9 eller Trollriket kl.9:30. Anm\u00e4l er g\u00e4rna p\u00e5 Facebook<\/p>\n\t\t<\/div>\n\t\t\n\t\t<a class=\"elementor-post__read-more\" href=\"https:\/\/www.gavleskoterklubb.se\/index.php\/2024\/01\/resa-till-kungsberget\/\" aria-label=\"L\u00e4s mer om Resa till Kungsberget\" tabindex=\"-1\" >\n\t\t\tL\u00e4s mer \u00bb\t\t<\/a>\n\n\t\t\t\t<\/div>\n\t\t\t\t<\/article>\n\t\t\t\t<article class=\"elementor-post elementor-grid-item post-2186 post type-post status-publish format-standard hentry category-nyhet\" role=\"listitem\">\n\t\t\t\t<div class=\"elementor-post__text\">\n\t\t\t\t<h3 class=\"elementor-post__title\">\n\t\t\t<a href=\"https:\/\/www.gavleskoterklubb.se\/index.php\/2024\/01\/skotertraff-trollriket\/\" >\n\t\t\t\tSkotertr\u00e4ff Trollriket\t\t\t<\/a>\n\t\t<\/h3>\n\t\t\t\t<div class=\"elementor-post__meta-data\">\n\t\t\t\t\t<span class=\"elementor-post-date\">\n\t\t\t29 januari, 2024\t\t<\/span>\n\t\t\t\t<\/div>\n\t\t\t\t<div class=\"elementor-post__excerpt\">\n\t\t\t<p>Kom och tr\u00e4ffa skoter\u00e5kare vid Trollriket den 24\/2 kl.12 G\u00e4vle skoterklubb bjuder p\u00e5 korv. Anm\u00e4l er g\u00e4rna p\u00e5 Facebook evenemanget s\u00e5 vet vi hur m\u00e5nga<\/p>\n\t\t<\/div>\n\t\t\n\t\t<a class=\"elementor-post__read-more\" href=\"https:\/\/www.gavleskoterklubb.se\/index.php\/2024\/01\/skotertraff-trollriket\/\" aria-label=\"L\u00e4s mer om Skotertr\u00e4ff Trollriket\" tabindex=\"-1\" >\n\t\t\tL\u00e4s mer \u00bb\t\t<\/a>\n\n\t\t\t\t<\/div>\n\t\t\t\t<\/article>\n\t\t\t\t<article class=\"elementor-post elementor-grid-item post-2175 post type-post status-publish format-standard hentry category-nyhet\" role=\"listitem\">\n\t\t\t\t<div class=\"elementor-post__text\">\n\t\t\t\t<h3 class=\"elementor-post__title\">\n\t\t\t<a href=\"https:\/\/www.gavleskoterklubb.se\/index.php\/2024\/01\/grillkvall-i-bomhus-lordagen-den-27-januari\/\" >\n\t\t\t\tGrillkv\u00e4ll i Bomhus l\u00f6rdagen den 27 januari\t\t\t<\/a>\n\t\t<\/h3>\n\t\t\t\t<div class=\"elementor-post__meta-data\">\n\t\t\t\t\t<span class=\"elementor-post-date\">\n\t\t\t25 januari, 2024\t\t<\/span>\n\t\t\t\t<\/div>\n\t\t\t\t<div class=\"elementor-post__excerpt\">\n\t\t\t<p>\u00c4ntligen har vi bra med sn\u00f6 i v\u00e5ra leder s\u00e5 passa p\u00e5 att ta skotern till en trevlig grillkv\u00e4ll i L\u00e5ngbroarna Bomhus. Vi t\u00e4nder grillbrasorna<\/p>\n\t\t<\/div>\n\t\t\n\t\t<a class=\"elementor-post__read-more\" href=\"https:\/\/www.gavleskoterklubb.se\/index.php\/2024\/01\/grillkvall-i-bomhus-lordagen-den-27-januari\/\" aria-label=\"L\u00e4s mer om Grillkv\u00e4ll i Bomhus l\u00f6rdagen den 27 januari\" tabindex=\"-1\" >\n\t\t\tL\u00e4s mer \u00bb\t\t<\/a>\n\n\t\t\t\t<\/div>\n\t\t\t\t<\/article>\n\t\t\t\t<article class=\"elementor-post elementor-grid-item post-1642 post type-post status-publish format-standard hentry category-nyhet\" role=\"listitem\">\n\t\t\t\t<div class=\"elementor-post__text\">\n\t\t\t\t<h3 class=\"elementor-post__title\">\n\t\t\t<a href=\"https:\/\/www.gavleskoterklubb.se\/index.php\/2023\/10\/sasongsstar-hosten-2023\/\" >\n\t\t\t\tS\u00e4songsstart h\u00f6sten 2023\t\t\t<\/a>\n\t\t<\/h3>\n\t\t\t\t<div class=\"elementor-post__meta-data\">\n\t\t\t\t\t<span class=\"elementor-post-date\">\n\t\t\t10 oktober, 2023\t\t<\/span>\n\t\t\t\t<\/div>\n\t\t\t\t<div class=\"elementor-post__excerpt\">\n\t\t\t<p>D\u00e5 var det stor tid att kicka i g\u00e5ng en f\u00f6rhoppningsvis sn\u00f6rik vinter! V\u00e5ra ledansvariga har redan p\u00e5b\u00f6rjat h\u00f6stens arbete f\u00f6r att r\u00f6ja skoterleder. Tyv\u00e4rr<\/p>\n\t\t<\/div>\n\t\t\n\t\t<a class=\"elementor-post__read-more\" href=\"https:\/\/www.gavleskoterklubb.se\/index.php\/2023\/10\/sasongsstar-hosten-2023\/\" aria-label=\"L\u00e4s mer om S\u00e4songsstart h\u00f6sten 2023\" tabindex=\"-1\" >\n\t\t\tL\u00e4s mer \u00bb\t\t<\/a>\n\n\t\t\t\t<\/div>\n\t\t\t\t<\/article>\n\t\t\t\t<article class=\"elementor-post elementor-grid-item post-1629 post type-post status-publish format-standard hentry category-nyhet\" role=\"listitem\">\n\t\t\t\t<div class=\"elementor-post__text\">\n\t\t\t\t<h3 class=\"elementor-post__title\">\n\t\t\t<a href=\"https:\/\/www.gavleskoterklubb.se\/index.php\/2023\/07\/sommar-sommar-och-sol\/\" >\n\t\t\t\tSommar, sommar och sol\t\t\t<\/a>\n\t\t<\/h3>\n\t\t\t\t<div class=\"elementor-post__meta-data\">\n\t\t\t\t\t<span class=\"elementor-post-date\">\n\t\t\t1 juli, 2023\t\t<\/span>\n\t\t\t\t<\/div>\n\t\t\t\t<div class=\"elementor-post__excerpt\">\n\t\t\t<p>Skoterklubben har tagit paus \u00f6ver sommaren. Vi laddar nu batterierna inf\u00f6r h\u00f6stens och vinterns arbete. Vi \u00e5terkommer i h\u00f6st med planering av aktiviteter, f\u00f6rarbevisutbildningar med<\/p>\n\t\t<\/div>\n\t\t\n\t\t<a class=\"elementor-post__read-more\" href=\"https:\/\/www.gavleskoterklubb.se\/index.php\/2023\/07\/sommar-sommar-och-sol\/\" aria-label=\"L\u00e4s mer om Sommar, sommar och sol\" tabindex=\"-1\" >\n\t\t\tL\u00e4s mer \u00bb\t\t<\/a>\n\n\t\t\t\t<\/div>\n\t\t\t\t<\/article>\n\t\t\t\t<article class=\"elementor-post elementor-grid-item post-1620 post type-post status-publish format-standard hentry category-nyhet\" role=\"listitem\">\n\t\t\t\t<div class=\"elementor-post__text\">\n\t\t\t\t<h3 class=\"elementor-post__title\">\n\t\t\t<a href=\"https:\/\/www.gavleskoterklubb.se\/index.php\/2023\/01\/grillkvall-i-bomhus-lordagen-2023-02-04\/\" >\n\t\t\t\tGrillkv\u00e4ll i Bomhus l\u00f6rdagen 2023-02-04\t\t\t<\/a>\n\t\t<\/h3>\n\t\t\t\t<div class=\"elementor-post__meta-data\">\n\t\t\t\t\t<span class=\"elementor-post-date\">\n\t\t\t20 januari, 2023\t\t<\/span>\n\t\t\t\t<\/div>\n\t\t\t\t<div class=\"elementor-post__excerpt\">\n\t\t\t<p>\u00c4ven fast v\u00e4dret inte till ge oss n\u00e5 sn\u00f6 som ligger kvar p\u00e5 marken, s\u00e5 har vi best\u00e4mt att vi ska genomf\u00f6ra v\u00e5r \u00e5rliga grillkv\u00e4ll!<\/p>\n\t\t<\/div>\n\t\t\n\t\t<a class=\"elementor-post__read-more\" href=\"https:\/\/www.gavleskoterklubb.se\/index.php\/2023\/01\/grillkvall-i-bomhus-lordagen-2023-02-04\/\" aria-label=\"L\u00e4s mer om Grillkv\u00e4ll i Bomhus l\u00f6rdagen 2023-02-04\" tabindex=\"-1\" >\n\t\t\tL\u00e4s mer \u00bb\t\t<\/a>\n\n\t\t\t\t<\/div>\n\t\t\t\t<\/article>\n\t\t\t\t<\/div>\n\t\t\n\t\t\t\t<div class=\"e-load-more-anchor\" data-page=\"1\" data-max-page=\"12\" data-next-page=\"https:\/\/www.gavleskoterklubb.se\/index.php\/wp-json\/wp\/v2\/pages\/2116\/page\/2\/\"><\/div>\n\t\t\t\t<nav class=\"elementor-pagination\" aria-label=\"Sidonumrering\">\n\t\t\t<span aria-current=\"page\" class=\"page-numbers current\"><span class=\"elementor-screen-only\">Sida<\/span>1<\/span>\n<a class=\"page-numbers\" href=\"https:\/\/www.gavleskoterklubb.se\/index.php\/wp-json\/wp\/v2\/pages\/2116\/page\/2\/\"><span class=\"elementor-screen-only\">Sida<\/span>2<\/a>\n<a class=\"page-numbers\" href=\"https:\/\/www.gavleskoterklubb.se\/index.php\/wp-json\/wp\/v2\/pages\/2116\/page\/3\/\"><span class=\"elementor-screen-only\">Sida<\/span>3<\/a>\n<a class=\"page-numbers\" href=\"https:\/\/www.gavleskoterklubb.se\/index.php\/wp-json\/wp\/v2\/pages\/2116\/page\/4\/\"><span class=\"elementor-screen-only\">Sida<\/span>4<\/a>\n<a class=\"page-numbers\" href=\"https:\/\/www.gavleskoterklubb.se\/index.php\/wp-json\/wp\/v2\/pages\/2116\/page\/5\/\"><span class=\"elementor-screen-only\">Sida<\/span>5<\/a>\t\t<\/nav>\n\t\t\t\t\t\t<\/div>\n\t\t\t\t<\/div>\n\t\t\t\t\t<\/div>\n\t\t\t\t<\/div>\n\t\t\t\t<\/div>\n\t\t","protected":false},"excerpt":{"rendered":"","protected":false},"author":8,"featured_media":0,"parent":0,"menu_order":0,"comment_status":"closed","ping_status":"closed","template":"","meta":{"ngg_post_thumbnail":0,"footnotes":""},"class_list":["post-2116","page","type-page","status-publish","hentry"],"_links":{"self":[{"href":"https:\/\/www.gavleskoterklubb.se\/index.php\/wp-json\/wp\/v2\/pages\/2116","targetHints":{"allow":["GET"]}}],"collection":[{"href":"https:\/\/www.gavleskoterklubb.se\/index.php\/wp-json\/wp\/v2\/pages"}],"about":[{"href":"https:\/\/www.gavleskoterklubb.se\/index.php\/wp-json\/wp\/v2\/types\/page"}],"author":[{"embeddable":true,"href":"https:\/\/www.gavleskoterklubb.se\/index.php\/wp-json\/wp\/v2\/users\/8"}],"replies":[{"embeddable":true,"href":"https:\/\/www.gavleskoterklubb.se\/index.php\/wp-json\/wp\/v2\/comments?post=2116"}],"version-history":[{"count":13,"href":"https:\/\/www.gavleskoterklubb.se\/index.php\/wp-json\/wp\/v2\/pages\/2116\/revisions"}],"predecessor-version":[{"id":2166,"href":"https:\/\/www.gavleskoterklubb.se\/index.php\/wp-json\/wp\/v2\/pages\/2116\/revisions\/2166"}],"wp:attachment":[{"href":"https:\/\/www.gavleskoterklubb.se\/index.php\/wp-json\/wp\/v2\/media?parent=2116"}],"curies":[{"name":"wp","href":"https:\/\/api.w.org\/{rel}","templated":true}]}}