{"id":23,"date":"2011-11-11T13:19:23","date_gmt":"2011-11-11T13:19:23","guid":{"rendered":"https:\/\/www.gavleskoterklubb.se\/?page_id=23"},"modified":"2023-11-27T11:04:27","modified_gmt":"2023-11-27T10:04:27","slug":"utbildning","status":"publish","type":"page","link":"https:\/\/www.gavleskoterklubb.se\/index.php\/utbildning\/","title":{"rendered":"F\u00f6rarbevisutbildning"},"content":{"rendered":"\t\t<div data-elementor-type=\"wp-page\" data-elementor-id=\"23\" class=\"elementor elementor-23\" data-elementor-post-type=\"page\">\n\t\t\t\t<div class=\"elementor-element elementor-element-1e402b33 e-flex e-con-boxed e-con e-parent\" data-id=\"1e402b33\" data-element_type=\"container\" data-settings=\"{&quot;background_background&quot;:&quot;classic&quot;}\">\n\t\t\t\t\t<div class=\"e-con-inner\">\n\t\t\t\t<div class=\"elementor-element elementor-element-40a64da9 elementor-widget elementor-widget-text-editor\" data-id=\"40a64da9\" data-element_type=\"widget\" data-widget_type=\"text-editor.default\">\n\t\t\t\t<div class=\"elementor-widget-container\">\n\t\t\t\t\t\t\t\t\t<p><\/p>\n<p><\/p>\n<p><strong>Vill du anm\u00e4la dig till f\u00f6rarbevisutbildning <\/strong><a href=\"https:\/\/www.gavleskoterklubb.se\/index.php\/utbildning\/anmalan\/\"><strong>klicka h\u00e4r<\/strong><\/a><\/p>\n<p><\/p>\n<p><\/p>\n<p><strong>G\u00e4vle skoterklubb ansvarar f\u00f6r och sk\u00f6ter skoterlederna i G\u00e4vle Kommun, fr\u00e5n Norrsundet till Hedesunda, fr\u00e5n Bomhus till Forsbacka. Ett s\u00e4tt att kunna bedriva arbetet med att h\u00e5lla lederna i s\u00e5 bra skick som m\u00f6jligt \u00e4r genom f\u00f6rarbevisutbildningar. G\u00e4vle Skoterklubb \u00e4r en ideell f\u00f6rening som arrangerar f\u00f6rarbevisutbildningar d\u00e4r all f\u00f6rtj\u00e4nst g\u00e5r till det arbete som kr\u00e4vas f\u00f6r att sk\u00f6ta lederna, vi f\u00f6rnyar och reparerar v\u00e5ra skotrar, k\u00f6per bensin f\u00f6r att kunna sladda med mera.<\/strong><\/p>\n<p><\/p>\n<p>G\u00e4vle skoterklubb kommer \u00e4ven under s\u00e4songen 2023-2024\u00a0bedriva f\u00f6rarbevisutbildning.\u00a0Prelimin\u00e4r kursstart \u00e4r november.\u00a0D\u00e4refter startar vi nya kurser s\u00e5 snart vi fyller upp dem med fullt deltagarantal. S\u00e5 anm\u00e4l dig redan nu via v\u00e5rt anm\u00e4lningsformul\u00e4r!<\/p>\n<p><\/p>\n<p>Vi har bedrivit f\u00f6rarbevisutbildningar sedan 1996 och vi var den f\u00f6rsta skoterklubben i Sverige som fick tillst\u00e5nd f\u00f6r detta. V\u00e5ra utbildare \u00e4r erfarna samt har god vana av skoterk\u00f6rning och kan d\u00e4rf\u00f6r erbjuda kurser av h\u00f6g kvalitet.<\/p>\n<p><\/p>\n<p>F\u00f6rarbevis kr\u00e4vs om ditt bilk\u00f6rkort \u00e4r utf\u00e4rdat efter 1 januari 2000. Tidigare omfattade f\u00f6rarbevisen \u00e4ven fyrhjuling, men fr\u00e5n september 2009 har Transportstyrelsen separerat de h\u00e4r utbildningarna att omfatta tv\u00e5 olika kurser. En f\u00f6r sn\u00f6skoter och en f\u00f6r fyrhjuling. Vi bedriver endast kurser f\u00f6r sn\u00f6skoter.<\/p>\n<p><\/p>\n<p>Enda kravet som st\u00e4lls p\u00e5 dig som elev \u00e4r att Du har fyllt 16 \u00e5r f\u00f6r att f\u00e5 slutf\u00f6ra kursen samt att du inte har n\u00e5gon p\u00e5g\u00e5ende sp\u00e4rrtid f\u00f6r indraget k\u00f6rkort.<\/p>\n<p><\/p>\n<p><strong>Uppl\u00e4gg<\/strong><\/p>\n<p><\/p>\n<p>V\u00e5r kurs \u00e4r upplagd p\u00e5 13 timmar, f\u00f6rdelat p\u00e5 4 kv\u00e4llar (vardagar). Vi erbjuder \u00e4ven intensivkurser p\u00e5 helgerna (l\u00f6rdag-s\u00f6ndag).<br \/>Tiden omfattar teori, d\u00e4r vi l\u00e4r oss mer om t.ex.<\/p>\n<p><\/p>\n<ul class=\"wp-block-list\">\n<li>S\u00e4kerhet<\/li>\n<li>F\u00e4rdvett<\/li>\n<li>K\u00f6rning och k\u00f6rteknik<\/li>\n<li>Lagar<\/li>\n<li>Fordonet<\/li>\n<li>F\u00f6rs\u00e4kringar<\/li>\n<li>F\u00f6raren<\/li>\n<\/ul>\n<p><\/p>\n<p>\u00c4ven en praktisk del som omfattar k\u00f6rning och \u201dgaragelektion\u201d.<br \/>Vi h\u00e5ller till vid R\u00f6rberg motorstadion, den \u00e4r godk\u00e4nd av Transportstyrelsen som plats f\u00f6r k\u00f6r\u00f6vningar.<br \/>Vi ser ocks\u00e5 p\u00e5 filmer som visar goda exempel p\u00e5 k\u00f6rteknik, s\u00e4kerhet och mycket annat.<br \/>Kursen avslutas med ett skriftligt prov, d\u00e5 kommer en examinator som \u00e4r utsedd och godk\u00e4nd av Transportstyrelsen. F\u00f6r att kunna slutf\u00f6ra utbildningen med k\u00f6r\u00f6vningen kr\u00e4vs att det \u00e4r sn\u00f6t\u00e4ckt p\u00e5 marken f\u00f6r \u00f6vningsk\u00f6rningen.<\/p>\n<p><\/p>\n<p>Ett sp\u00e4nnande inslag i v\u00e5r utbildning \u00e4r Fatal Vision. Det \u00e4r promilleglas\u00f6gon som vi ska testa och g\u00f6ra enkla \u00f6vningar med. Detta ger oss ytterligare p\u00e5minnelse om att sn\u00f6skoterk\u00f6rning och droger\/alkohol inte h\u00f6r ihop. Sj\u00e4lvklart testar vi inte glas\u00f6gonen vid k\u00f6rning!! Dina F\u00f6rs\u00e4kringar har gjort det m\u00f6jligt f\u00f6r oss att anv\u00e4nda Fatal Vision i v\u00e5r utbildning.<\/p>\n<p><\/p>\n<figure class=\"wp-block-image\"><img decoding=\"async\" src=\"https:\/\/lh4.googleusercontent.com\/Z4YVUtTfYrSl4jxAMM1fnIMSKzdSbwlhFNqiaQNNDqqfoUuWzURFRb6lJoMZ2B-iGigzxzpoVk1TdeAh1srdzVd4hYV_XcfXt0-NurMPLMqUI1c-GdGpy4dzirg2ajZXEFbI4fK0b9G860drKQ\" alt=\"OLYMPUS DIGITAL CAMERA\" \/><\/figure>\n<p><\/p>\n<p><strong>Provet<\/strong><\/p>\n<p><\/p>\n<p>Best\u00e5r av 30 fr\u00e5gor och max fem fel f\u00f6r ett godk\u00e4nnande. Provet f\u00e5r g\u00f6ras muntligt. Giltig legitimation m\u00e5ste kunna uppvisas vid examinationstillf\u00e4llet. F\u00f6r att bli godk\u00e4nd och f\u00e5\u00a0sitt f\u00f6rarbevis f\u00e5r man inte heller ha n\u00e5gon p\u00e5g\u00e5ende anm\u00e4rkning hos Transportstyrelsen.<\/p>\n<p><\/p>\n<p><strong>Avgift<\/strong><\/p>\n<p><\/p>\n<p>Medlemmar:<br \/>Kv\u00e4llskurs 2100<br \/>Helgkurs 2100<\/p>\n<p><\/p>\n<p>Icke medlemmar:<br \/>Kv\u00e4llskurs 2500<br \/>Helgkurs 2500<\/p>\n<p><\/p>\n<p><strong>Betalning<\/strong><br \/>Swishbetalning f\u00f6r kursen sker vid kursstart och bankgirobetalning sker innan kursstart (ska styrkas med utskrift p\u00e5 internetbetalning\/kontoutdrag vid f\u00f6rsta kurstillf\u00e4llet).<\/p>\n<p><\/p>\n<p><strong>Examination<\/strong><strong><br \/><\/strong>Examinatorn tar ut en avgift och den betalas till hen i samband med examinationen.<\/p>\n<p><\/p>\n<p><strong>Transportstyrelsen<\/strong><\/p>\n<p><\/p>\n<p>Transportstyrelsen tar ut en avgift f\u00f6r tillverkning av f\u00f6rarbeviset som inte ing\u00e5r i kursavgiften. Se Transportstyrelsens hemsida. F\u00f6rarbeviset \u00e4r gult och numera f\u00f6rsett med foto och namnteckning.<\/p>\n<p><\/p>\n<p><strong>F\u00f6r fr\u00e5gor g\u00e4llande utbildningen v\u00e4nligen kontakta kursledaren<\/strong><strong><br \/><\/strong>G\u00f6ran Hammarstr\u00f6m 073-044 42 20,\u00a0gorte1968 [snabelA] gmail [punkt] com<\/p>\n<p><\/p>\n<p><strong>Anm\u00e4lan (eller fr\u00e5gor utan anm\u00e4lan kan g\u00f6ras p\u00e5 samma blankett)<\/strong><\/p>\n<p><\/p>\n<p>Anm\u00e4lan\/fr\u00e5gor sker via mejl via l\u00e4nken\u00a0nedan. Kurserna planeras in s\u00e5 snart vi fyller upp med antalet som ska vara i varje kurs. Kursstart meddelas sedan s\u00e5 snart det \u00e4r m\u00f6jligt till anm\u00e4lda elever i turordning som de kommit in. F\u00f6rst till kvarn.\u00a0<a href=\"https:\/\/www.gavleskoterklubb.se\/index.php\/utbildning\/anmalan\/\">Klicka h\u00e4r f\u00f6r att komma till anm\u00e4lningsformul\u00e4ret.<\/a><\/p>\n<p><\/p>\n<p><strong>Med v\u00e4nlig h\u00e4lsning<\/strong><\/p>\n<p><\/p>\n<p><strong>Styrelsen<\/strong><\/p>\n<p><\/p>\t\t\t\t\t\t\t\t<\/div>\n\t\t\t\t<\/div>\n\t\t\t\t\t<\/div>\n\t\t\t\t<\/div>\n\t\t\t\t<\/div>\n\t\t","protected":false},"excerpt":{"rendered":"","protected":false},"author":2,"featured_media":0,"parent":0,"menu_order":200,"comment_status":"closed","ping_status":"closed","template":"","meta":{"ngg_post_thumbnail":0,"footnotes":""},"class_list":["post-23","page","type-page","status-publish","hentry"],"_links":{"self":[{"href":"https:\/\/www.gavleskoterklubb.se\/index.php\/wp-json\/wp\/v2\/pages\/23","targetHints":{"allow":["GET"]}}],"collection":[{"href":"https:\/\/www.gavleskoterklubb.se\/index.php\/wp-json\/wp\/v2\/pages"}],"about":[{"href":"https:\/\/www.gavleskoterklubb.se\/index.php\/wp-json\/wp\/v2\/types\/page"}],"author":[{"embeddable":true,"href":"https:\/\/www.gavleskoterklubb.se\/index.php\/wp-json\/wp\/v2\/users\/2"}],"replies":[{"embeddable":true,"href":"https:\/\/www.gavleskoterklubb.se\/index.php\/wp-json\/wp\/v2\/comments?post=23"}],"version-history":[{"count":84,"href":"https:\/\/www.gavleskoterklubb.se\/index.php\/wp-json\/wp\/v2\/pages\/23\/revisions"}],"predecessor-version":[{"id":1981,"href":"https:\/\/www.gavleskoterklubb.se\/index.php\/wp-json\/wp\/v2\/pages\/23\/revisions\/1981"}],"wp:attachment":[{"href":"https:\/\/www.gavleskoterklubb.se\/index.php\/wp-json\/wp\/v2\/media?parent=23"}],"curies":[{"name":"wp","href":"https:\/\/api.w.org\/{rel}","templated":true}]}}