{"id":232,"date":"2011-11-30T15:31:10","date_gmt":"2011-11-30T14:31:10","guid":{"rendered":"https:\/\/www.gavleskoterklubb.se\/?page_id=232"},"modified":"2024-01-29T20:22:10","modified_gmt":"2024-01-29T19:22:10","slug":"aktiviteter","status":"publish","type":"page","link":"https:\/\/www.gavleskoterklubb.se\/index.php\/aktiviteter\/","title":{"rendered":"Aktiviteter 23-24"},"content":{"rendered":"\t\t<div data-elementor-type=\"wp-page\" data-elementor-id=\"232\" class=\"elementor elementor-232\" data-elementor-post-type=\"page\">\n\t\t\t\t<div class=\"elementor-element elementor-element-149ded88 e-flex e-con-boxed e-con e-parent\" data-id=\"149ded88\" data-element_type=\"container\" data-settings=\"{&quot;background_background&quot;:&quot;classic&quot;}\">\n\t\t\t\t\t<div class=\"e-con-inner\">\n\t\t\t\t<div class=\"elementor-element elementor-element-393cd425 elementor-widget elementor-widget-text-editor\" data-id=\"393cd425\" data-element_type=\"widget\" data-widget_type=\"text-editor.default\">\n\t\t\t\t<div class=\"elementor-widget-container\">\n\t\t\t\t\t\t\t\t\t<p><\/p>\n<p><\/p>\n<p><strong>2024-02-24 Grillning i Trollriket<br \/><\/strong>Kom och grilla med oss och tr\u00e4ffa andra skoter\u00e5kare.<\/p>\n<p>Mer info under nyheter och p\u00e5 Facebook.<\/p>\n<p><strong>2024-03-09 Resa till Kungsberget<\/strong><\/p>\n<p>Vi \u00e5ker klockan 9 fr\u00e5n Osl\u00e4ttfors eller 9:30 fr\u00e5n Trollriket. <br \/>Mer info p\u00e5 facebook.<\/p>\n<p><\/p>\n<p>\u00a0<\/p>\n<p><\/p>\n<p>\u00a0<\/p>\n<p><\/p>\n<p>\u00a0<\/p>\n<p><\/p>\n<p>\u00a0<\/p>\n<p><\/p>\t\t\t\t\t\t\t\t<\/div>\n\t\t\t\t<\/div>\n\t\t\t\t\t<\/div>\n\t\t\t\t<\/div>\n\t\t\t\t<\/div>\n\t\t","protected":false},"excerpt":{"rendered":"<p>2024-02-24 Grillning i TrollriketKom och grilla med oss och tr\u00e4ffa andra skoter\u00e5kare. Mer info under nyheter och p\u00e5 Facebook. 2024-03-09 Resa till Kungsberget Vi \u00e5ker klockan 9 fr\u00e5n Osl\u00e4ttfors eller 9:30 fr\u00e5n Trollriket. Mer info p\u00e5 facebook. \u00a0 \u00a0 \u00a0 \u00a0<\/p>\n","protected":false},"author":2,"featured_media":0,"parent":0,"menu_order":0,"comment_status":"closed","ping_status":"closed","template":"","meta":{"ngg_post_thumbnail":0,"footnotes":""},"class_list":["post-232","page","type-page","status-publish","hentry"],"_links":{"self":[{"href":"https:\/\/www.gavleskoterklubb.se\/index.php\/wp-json\/wp\/v2\/pages\/232","targetHints":{"allow":["GET"]}}],"collection":[{"href":"https:\/\/www.gavleskoterklubb.se\/index.php\/wp-json\/wp\/v2\/pages"}],"about":[{"href":"https:\/\/www.gavleskoterklubb.se\/index.php\/wp-json\/wp\/v2\/types\/page"}],"author":[{"embeddable":true,"href":"https:\/\/www.gavleskoterklubb.se\/index.php\/wp-json\/wp\/v2\/users\/2"}],"replies":[{"embeddable":true,"href":"https:\/\/www.gavleskoterklubb.se\/index.php\/wp-json\/wp\/v2\/comments?post=232"}],"version-history":[{"count":124,"href":"https:\/\/www.gavleskoterklubb.se\/index.php\/wp-json\/wp\/v2\/pages\/232\/revisions"}],"predecessor-version":[{"id":2191,"href":"https:\/\/www.gavleskoterklubb.se\/index.php\/wp-json\/wp\/v2\/pages\/232\/revisions\/2191"}],"wp:attachment":[{"href":"https:\/\/www.gavleskoterklubb.se\/index.php\/wp-json\/wp\/v2\/media?parent=232"}],"curies":[{"name":"wp","href":"https:\/\/api.w.org\/{rel}","templated":true}]}}