{"id":4,"date":"2011-11-11T13:13:43","date_gmt":"2011-11-11T13:13:43","guid":{"rendered":"https:\/\/www.gavleskoterklubb.se\/?page_id=4"},"modified":"2025-07-03T16:04:56","modified_gmt":"2025-07-03T14:04:56","slug":"hem","status":"publish","type":"page","link":"https:\/\/www.gavleskoterklubb.se\/","title":{"rendered":"Hem"},"content":{"rendered":"\t\t<div data-elementor-type=\"wp-page\" data-elementor-id=\"4\" class=\"elementor elementor-4\" data-elementor-post-type=\"page\">\n\t\t\t\t<div class=\"elementor-element elementor-element-54f7cf1f e-flex e-con-boxed e-con e-parent\" data-id=\"54f7cf1f\" data-element_type=\"container\" data-settings=\"{&quot;background_background&quot;:&quot;classic&quot;}\">\n\t\t\t\t\t<div class=\"e-con-inner\">\n\t\t\t\t<div class=\"elementor-element elementor-element-1b668089 elementor-widget elementor-widget-text-editor\" data-id=\"1b668089\" data-element_type=\"widget\" data-widget_type=\"text-editor.default\">\n\t\t\t\t<div class=\"elementor-widget-container\">\n\t\t\t\t\t\t\t\t\t<p><\/p>\n<h1 class=\"wp-block-heading\">Sommars\u00e4song 2025<\/h1>\n<p><\/p>\n<p><\/p>\n<p>Vi vill tacka f\u00f6r den g\u00e5ngna s\u00e4songen och tar ett litet sommaruppeh\u00e5ll, tyv\u00e4rr s\u00e5 blev det en lite s\u00e4mre s\u00e4song f\u00f6r oss sn\u00f6skoter\u00e5kare.<br \/>Hoppas att ni har f\u00e5tt fina skoterdagar p\u00e5 annat h\u00e5ll.<\/p>\n<p><strong>Vi s\u00f6ker deltagare till Styrelsen samt Valberedningen. <\/strong><\/p>\n<p><strong>\u00c4r du intresserad h\u00f6r av dig till Thomas 073-33 71\u00a0841<\/strong><\/p>\n<p>\u00a0<\/p>\n<p>Har du <strong>f\u00f6rarbevis<\/strong> s\u00e5 du f\u00e5r k\u00f6ra skoter? Inte! Passa p\u00e5 och anm\u00e4l dig till n\u00e5gon av v\u00e5ra kurser!<\/p>\n<p>K\u00f6r f\u00f6rsiktigt i vinter och var r\u00e4dda om er och andra som ni m\u00f6ter p\u00e5 leden. G\u00e4vle skoterklubb vill be er om att enbart k\u00f6ra p\u00e5 leden \u00f6ver \u00e5krar och skogshyggen. Att ni respekterar f\u00f6rbudsomr\u00e5den och m\u00f6ten med andra tex skid\u00e5kare, g\u00e5ende, barn eller h\u00e4star. Det \u00e4r inte till\u00e5tet att k\u00f6ra p\u00e5 allm\u00e4n v\u00e4g, utom n\u00e4r du ska korsa v\u00e4gen, eller k\u00f6ra kortast m\u00f6jliga str\u00e4cka om terr\u00e4ngen \u00e4r oframkomlig. D\u00e5 \u00e4r hastighetsgr\u00e4nsen 20 km\/tim.<\/p>\n<p>\u00a0<\/p>\n<p>K\u00f6r f\u00f6rsiktigt ute i skoterlederna och var r\u00e4dda om er!<\/p>\n<p>Med v\u00e4nlig h\u00e4lsning \/ Styrelsen<\/p>\n<p><\/p>\n<p><!-- \/wp:paragraph --><\/p>\t\t\t\t\t\t\t\t<\/div>\n\t\t\t\t<\/div>\n\t\t\t\t\t<\/div>\n\t\t\t\t<\/div>\n\t\t\t\t<\/div>\n\t\t","protected":false},"excerpt":{"rendered":"<p>Sommars\u00e4song 2025 Vi vill tacka f\u00f6r den g\u00e5ngna s\u00e4songen och tar ett litet sommaruppeh\u00e5ll, tyv\u00e4rr s\u00e5 blev det en lite s\u00e4mre s\u00e4song f\u00f6r oss sn\u00f6skoter\u00e5kare.Hoppas att ni har f\u00e5tt fina skoterdagar p\u00e5 annat h\u00e5ll. Vi s\u00f6ker deltagare till Styrelsen samt Valberedningen. \u00c4r du intresserad h\u00f6r av dig till Thomas 073-33 71\u00a0841 \u00a0 Har du f\u00f6rarbevis [&hellip;]<\/p>\n","protected":false},"author":2,"featured_media":0,"parent":0,"menu_order":0,"comment_status":"closed","ping_status":"closed","template":"","meta":{"ngg_post_thumbnail":0,"footnotes":""},"class_list":["post-4","page","type-page","status-publish","hentry"],"_links":{"self":[{"href":"https:\/\/www.gavleskoterklubb.se\/index.php\/wp-json\/wp\/v2\/pages\/4","targetHints":{"allow":["GET"]}}],"collection":[{"href":"https:\/\/www.gavleskoterklubb.se\/index.php\/wp-json\/wp\/v2\/pages"}],"about":[{"href":"https:\/\/www.gavleskoterklubb.se\/index.php\/wp-json\/wp\/v2\/types\/page"}],"author":[{"embeddable":true,"href":"https:\/\/www.gavleskoterklubb.se\/index.php\/wp-json\/wp\/v2\/users\/2"}],"replies":[{"embeddable":true,"href":"https:\/\/www.gavleskoterklubb.se\/index.php\/wp-json\/wp\/v2\/comments?post=4"}],"version-history":[{"count":152,"href":"https:\/\/www.gavleskoterklubb.se\/index.php\/wp-json\/wp\/v2\/pages\/4\/revisions"}],"predecessor-version":[{"id":2223,"href":"https:\/\/www.gavleskoterklubb.se\/index.php\/wp-json\/wp\/v2\/pages\/4\/revisions\/2223"}],"wp:attachment":[{"href":"https:\/\/www.gavleskoterklubb.se\/index.php\/wp-json\/wp\/v2\/media?parent=4"}],"curies":[{"name":"wp","href":"https:\/\/api.w.org\/{rel}","templated":true}]}}