{"id":46,"date":"2011-11-14T10:40:20","date_gmt":"2011-11-14T10:40:20","guid":{"rendered":"https:\/\/www.gavleskoterklubb.se\/?page_id=46"},"modified":"2024-02-27T12:04:17","modified_gmt":"2024-02-27T11:04:17","slug":"kontakta-oss","status":"publish","type":"page","link":"https:\/\/www.gavleskoterklubb.se\/index.php\/kontakta-oss\/","title":{"rendered":"Kontakta oss"},"content":{"rendered":"\t\t<div data-elementor-type=\"wp-page\" data-elementor-id=\"46\" class=\"elementor elementor-46\" data-elementor-post-type=\"page\">\n\t\t\t\t<div class=\"elementor-element elementor-element-6f7ee938 e-flex e-con-boxed e-con e-parent\" data-id=\"6f7ee938\" data-element_type=\"container\" data-settings=\"{&quot;background_background&quot;:&quot;classic&quot;}\">\n\t\t\t\t\t<div class=\"e-con-inner\">\n\t\t\t\t<div class=\"elementor-element elementor-element-52fc76f7 elementor-widget elementor-widget-text-editor\" data-id=\"52fc76f7\" data-element_type=\"widget\" data-widget_type=\"text-editor.default\">\n\t\t\t\t<div class=\"elementor-widget-container\">\n\t\t\t\t\t\t\t\t\t<p><\/p>\n<p>G\u00e4vle Skoterklubb<br \/>c\/o Andreas Eriksson<br \/>Osl\u00e4ttforsv\u00e4gen 218<br \/>805 98 Osl\u00e4ttfors<\/p>\n<p><a href=\"mailto:info@gavleskoterklubb.se\">info@gavleskoterklubb.se<\/a><\/p>\n<p>070-668 88 03<\/p>\n<p>Bankgiro: 802-3699<\/p>\n<p><\/p>\n<p><\/p>\t\t\t\t\t\t\t\t<\/div>\n\t\t\t\t<\/div>\n\t\t\t\t\t<\/div>\n\t\t\t\t<\/div>\n\t\t\t\t<\/div>\n\t\t","protected":false},"excerpt":{"rendered":"<p>G\u00e4vle Skoterklubbc\/o Andreas ErikssonOsl\u00e4ttforsv\u00e4gen 218805 98 Osl\u00e4ttfors info@gavleskoterklubb.se 070-668 88 03 Bankgiro: 802-3699<\/p>\n","protected":false},"author":2,"featured_media":0,"parent":0,"menu_order":1000,"comment_status":"closed","ping_status":"closed","template":"","meta":{"ngg_post_thumbnail":0,"footnotes":""},"class_list":["post-46","page","type-page","status-publish","hentry"],"_links":{"self":[{"href":"https:\/\/www.gavleskoterklubb.se\/index.php\/wp-json\/wp\/v2\/pages\/46","targetHints":{"allow":["GET"]}}],"collection":[{"href":"https:\/\/www.gavleskoterklubb.se\/index.php\/wp-json\/wp\/v2\/pages"}],"about":[{"href":"https:\/\/www.gavleskoterklubb.se\/index.php\/wp-json\/wp\/v2\/types\/page"}],"author":[{"embeddable":true,"href":"https:\/\/www.gavleskoterklubb.se\/index.php\/wp-json\/wp\/v2\/users\/2"}],"replies":[{"embeddable":true,"href":"https:\/\/www.gavleskoterklubb.se\/index.php\/wp-json\/wp\/v2\/comments?post=46"}],"version-history":[{"count":27,"href":"https:\/\/www.gavleskoterklubb.se\/index.php\/wp-json\/wp\/v2\/pages\/46\/revisions"}],"predecessor-version":[{"id":2201,"href":"https:\/\/www.gavleskoterklubb.se\/index.php\/wp-json\/wp\/v2\/pages\/46\/revisions\/2201"}],"wp:attachment":[{"href":"https:\/\/www.gavleskoterklubb.se\/index.php\/wp-json\/wp\/v2\/media?parent=46"}],"curies":[{"name":"wp","href":"https:\/\/api.w.org\/{rel}","templated":true}]}}